{"id":392,"date":"2025-03-08T23:04:31","date_gmt":"2025-03-08T22:04:31","guid":{"rendered":"https:\/\/activospain.com\/alta-partners-verkauf\/"},"modified":"2025-03-09T11:58:57","modified_gmt":"2025-03-09T10:58:57","slug":"alta-partners-verkauf","status":"publish","type":"page","link":"https:\/\/activospain.com\/de\/alta-partners-verkauf\/","title":{"rendered":"Alta Partners Verkauf"},"content":{"rendered":"\n<p>ActivoSpain arbeitet kontinuierlich an der Entwicklung seines Netzwerks von Immobilienagenturen und Fachleuten des Sektors, um die Immobilien in seinem aktiven Portfolio zu vermarkten.<\/p>\n\n<p><\/p>\n\n<div class=\"wp-block-group alignfull has-accent-5-background-color has-background has-global-padding is-layout-constrained wp-container-core-group-is-layout-d89aad35 wp-block-group-is-layout-constrained\" style=\"margin-top:0;margin-bottom:0;padding-top:var(--wp--preset--spacing--50);padding-right:var(--wp--preset--spacing--50);padding-bottom:var(--wp--preset--spacing--50);padding-left:var(--wp--preset--spacing--50)\">\n<div class=\"wp-block-columns alignwide is-layout-flex wp-container-core-columns-is-layout-1da03c2a wp-block-columns-is-layout-flex\">\n<div class=\"wp-block-column is-vertically-aligned-center is-layout-flow wp-block-column-is-layout-flow\" style=\"flex-basis:60%\">\n<figure class=\"wp-block-image size-full is-style-rounded wp-duotone-duotone-1 is-style-rounded--1\"><img decoding=\"async\" src=\"https:\/\/activospain.com\/wp-content\/themes\/twentytwentyfour\/assets\/images\/abstract-geometric-art.webp\" alt=\"Wei&#xDF;es abstraktes geometrisches Kunstwerk aus Dresden, Deutschland\" style=\"aspect-ratio:4\/3;object-fit:cover\"\/><\/figure>\n<\/div>\n\n\n\n<div class=\"wp-block-column is-layout-flow wp-block-column-is-layout-flow\" style=\"flex-basis:40%\">\n<h2 class=\"wp-block-heading\">Werden Sie Mitglied in unserem Netzwerk<\/h2>\n\n\n\n<p>Wir verlassen uns auf die Spezialisten in den einzelnen Stadtvierteln, Bezirken und L\u00e4ndern, in denen sich unsere Anlagen befinden, und haben daher ein Partnerschaftsmodell entwickelt, um auf Sie z\u00e4hlen zu k\u00f6nnen und an den Erfolgen unseres Anlegerportfolios beteiligt zu sein.<\/p>\n\n\n\n<p>Wir bieten Ihnen die M\u00f6glichkeit, potenziellen K\u00e4ufern, die sich in Ihrer E-Mail- oder Telefondatenbank befinden, aber noch keinen Kauf get\u00e4tigt haben und sich f\u00fcr eine Immobilie wie die in unserem Portfolio interessieren k\u00f6nnten, ein Qualit\u00e4tsprodukt anzubieten.<\/p>\n\n\n\n<p>Aufgrund des Mehrwerts unserer Verm\u00f6genswerte gibt es ein sehr attraktives Provisionspotenzial, um Ihren Kundenbeitrag zu monetarisieren, an den Sie eine variable Verg\u00fctung f\u00fcr die Arbeit der Erl\u00e4uterung der Details der Immobilie weitergeben k\u00f6nnen.<\/p>\n\n\n\n<p>Sie erhalten unsere volle Unterst\u00fctzung bei der Bereitstellung von Materialien: Pl\u00e4ne, Fotos, Renderings, Videos, damit Sie sich auf das Gespr\u00e4ch mit dem Kunden konzentrieren k\u00f6nnen.<\/p>\n<\/div>\n<\/div>\n<\/div>\n\n<h2 class=\"wp-block-heading\" style=\"margin-top:var(--wp--preset--spacing--30);margin-bottom:var(--wp--preset--spacing--30)\">Woraus besteht der Partnerschaftsplan?<\/h2>\n\n<p>ActivoSpain, als Partner des\/der Verm\u00f6gensinhaber(s), wird die Immobilie nicht direkt verkaufen, sondern \u00fcber seinen Partner-Agenturkanal.  <\/p>\n\n<p>Unsere Rolle besteht darin, unsere Investitionspartner gegen\u00fcber dem Vertriebsnetz zu vertreten, da sie es aus Gr\u00fcnden der Privatsph\u00e4re oder aus anderen Gr\u00fcnden vorziehen, den Kontakt mit Dritten zu vermeiden. Wir besitzen die Schl\u00fcssel zu allen Immobilien, da wir f\u00fcr deren Instandhaltung verantwortlich sind. <\/p>\n\n<p>Unsere Aufgabe besteht darin, den Lebenszyklus jeder Immobilie zu verwalten, indem wir am Kauf teilnehmen und beim Verkauf helfen. Unser Honorar wird also von der Immobilie bezahlt, mit der wir eine Exklusivit\u00e4tsvereinbarung haben oder Miteigent\u00fcmer der Immobilie sind. Unser Gesch\u00e4ftsmodell erfordert jedoch einen zus\u00e4tzlichen Akteur bei der Transaktion, der f\u00fcr die Suche nach dem K\u00e4ufer eines Immobilienprodukts aus unserem aktiven Portfolio verantwortlich ist, und wir bieten exklusive Produkte in Premiumgebieten mit hoher Nachfrage an. Unser Erfolg h\u00e4ngt vom Schutz Ihrer Interessen ab. Deshalb haben wir einen technologischen und operativen Mechanismus entwickelt, um jeden potenziellen Kunden zu erkennen und Ihnen Ihr Honorar f\u00fcr den Verkauf zu reservieren.  <\/p>\n\n<p>Wir sind von der Form der Partnerschaft \u00fcberzeugt und werden keine direkten Kaufanfragen von den Kunden entgegennehmen, die Sie uns genannt haben, da unsere Rolle und St\u00e4rke in der Vermittlung von Immobilien liegt und wir unsere gesamte Energie darauf konzentrieren wollen, indem wir uns auf ein Vertriebsnetz st\u00fctzen.<\/p>\n\n<div class=\"wp-block-buttons is-content-justification-center is-layout-flex wp-container-core-buttons-is-layout-a89b3969 wp-block-buttons-is-layout-flex\">\n<div class=\"wp-block-button has-custom-font-size has-medium-font-size\"><a class=\"wp-block-button__link wp-element-button\" href=\"#alta-partners\" style=\"padding-right:var(--wp--preset--spacing--40);padding-left:var(--wp--preset--spacing--40)\">Registrierung beantragen<\/a><\/div>\n<\/div>\n\n<h2 class=\"wp-block-heading\" style=\"margin-top:var(--wp--preset--spacing--30);margin-bottom:var(--wp--preset--spacing--30)\">Welche Instrumente regeln den Verkaufszyklus?<\/h2>\n\n<p>Mit der Unterzeichnung des Rahmenvertrags werden Sie Teil unseres Vertriebsnetzes, und wenn Sie an der Vermarktung eines unserer Verm\u00f6genswerte interessiert sind, werden wir Ihnen einen speziellen Vertrag f\u00fcr diese Gelegenheit zusenden.<\/p>\n\n<p><\/p>\n\n<p style=\"margin-top:0;margin-bottom:0\">Nach der Unterzeichnung erstellen wir f\u00fcr Sie eine spezielle Webseite (Landing Page) mit allen Verkaufsmaterialien (Fotos, Renderings, Pl\u00e4ne, 3D-Besichtigung etc.) des spezifischen Objekts, an dem Sie sich beteiligen m\u00f6chten.) des spezifischen Objekts, an dem Sie sich beteiligen m\u00f6chten, wobei das Erscheinungsbild das Ihres Unternehmens sein wird, damit der Kunde versteht, dass der Verkauf \u00fcber Sie erfolgt, und wir werden Ihre Kontaktdaten in diesem digitalen Bereich platzieren sowie ein Formular, das Sie sofort \u00fcber die Registrierung eines Interessenten informiert, den wir nicht direkt kontaktieren werden, da der Zweck dieser Informationserfassung darin besteht, sich das Eigentum des Interessenten vorzubehalten und jeder kooperierenden Agentur mitzuteilen, dass dieser Lead innerhalb des vereinbarten Zeitfensters Ihr &#8222;Eigentum&#8220; ist.<\/p>\n\n<p style=\"margin-top:var(--wp--preset--spacing--10);margin-bottom:var(--wp--preset--spacing--10)\">Aufgrund des Profils der Immobilien in unserem Portfolio w\u00e4hlen wir Vertriebspartner aus, die \u00fcber ein Portfolio potenzieller Kunden verf\u00fcgen oder die sich f\u00fcr \u00e4hnliche Produkte wie die von uns vermarkteten interessieren, d.h. f\u00fcr einzigartige Immobilien in exklusiven Gegenden, denn wir f\u00fchlen uns aus Sicherheitsgr\u00fcnden nicht wohl bei einem Verkauf auf allgemeinen Immobilienportalen, die unser Verm\u00f6gen massiv exponieren. Wenn Sie \u00fcber eine Datenbank von Interessenten f\u00fcr Einfamilienh\u00e4user oder Wohnungen in erstklassigen Gegenden, Luxusimmobilien oder hochwertigen Urbanisationen verf\u00fcgen, ist der am meisten empfohlene Vertriebsweg f\u00fcr unsere Angebote der individuelle Kontakt mit potenziellen Kunden oder per E-Mail mit einem Link zu der Landing Page, die wir Ihnen zur Verf\u00fcgung stellen und die einzigartig f\u00fcr Sie sein wird. Dort kann der Kunde die Informationen \u00fcber die Immobilie mit den Materialien erweitern, die wir \u00fcber das Objekt haben und die von unserem Ingenieurteam, den Dekorateuren und den Immobilienvertretern validiert wurden. <br\/><\/p>\n\n<div class=\"wp-block-group alignfull has-base-color has-contrast-background-color has-text-color has-background has-link-color wp-elements-f7d766ad34f25e4f4701a994e64a3ff0 has-global-padding is-layout-constrained wp-container-core-group-is-layout-d89aad35 wp-block-group-is-layout-constrained\" style=\"margin-top:0;margin-bottom:0;padding-top:var(--wp--preset--spacing--50);padding-right:var(--wp--preset--spacing--50);padding-bottom:var(--wp--preset--spacing--50);padding-left:var(--wp--preset--spacing--50)\">\n<h2 class=\"wp-block-heading alignwide has-base-color has-text-color has-link-color wp-elements-c9b5699bdecff18878afa112249018b5\" style=\"font-size:clamp(4.509rem, 4.509rem + ((1vw - 0.2rem) * 9.152), 10rem);letter-spacing:-0.02em\">FAQs<\/h2>\n\n\n\n<div class=\"wp-block-group alignwide is-layout-flow wp-block-group-is-layout-flow\">\n<hr class=\"wp-block-separator has-text-color has-base-color has-alpha-channel-opacity has-base-background-color has-background is-style-wide\" style=\"margin-top:var(--wp--preset--spacing--30);margin-bottom:var(--wp--preset--spacing--30)\"\/>\n\n\n\n<h3 class=\"wp-block-heading alignwide has-base-2-color has-text-color has-link-color wp-elements-f3df4fbb0b17805c1e399b35a48c7bee\">Was muss ich w\u00e4hlen, um eine Immobilie aus dem Portfolio von ActivoSpain zu vermarkten?<\/h3>\n\n\n\n<p>Der erste Schritt ist die Unterzeichnung des Rahmenvertrags zwischen Ihrem Immobilienb\u00fcro und unserer Verwaltungsgesellschaft, sofern Sie die Voraussetzungen erf\u00fcllen, um zu den Unternehmen oder Fachleuten zu geh\u00f6ren, die unserem Netzwerk angeschlossen sind.<\/p>\n\n\n\n<p>Zweitens wird ein spezifischer Anhang unterzeichnet, der die Bedingungen und Verpflichtungen f\u00fcr jeden Verm\u00f6genswert in unserem aktiven Portfolio wiedergibt und die Kasuistik der Operation und die Laufzeit des Projekts beschreibt.<\/p>\n\n\n\n<hr class=\"wp-block-separator has-text-color has-base-color has-alpha-channel-opacity has-base-background-color has-background is-style-wide\" style=\"margin-top:var(--wp--preset--spacing--30);margin-bottom:var(--wp--preset--spacing--30)\"\/>\n\n\n\n<h3 class=\"wp-block-heading alignwide has-base-2-color has-text-color has-link-color wp-elements-cbafa41ba2c9139ac292de7f354ddf8f\">Habe ich als Agentur die Exklusivit\u00e4t f\u00fcr den Verkauf der Immobilie?<\/h3>\n\n\n\n<p class=\"has-contrast-1-color has-text-color has-link-color wp-elements-9aeefa484d82f4a94d7f6a3a5aff6387\">Wir bieten unserem Vertriebskanal keine Exklusivit\u00e4t, aber Sie k\u00f6nnen sich durch Ihre Verf\u00fcgbarkeit f\u00fcr Besuche oder die Vorbereitung\/Schulung, die Sie auf das Produkt konzentrieren, von der Masse abheben, was wir Ihnen in einem speziellen Webinar erkl\u00e4ren werden.<\/p>\n\n\n\n<hr class=\"wp-block-separator has-text-color has-base-color has-alpha-channel-opacity has-base-background-color has-background is-style-wide\" style=\"margin-top:var(--wp--preset--spacing--30);margin-bottom:var(--wp--preset--spacing--30)\"\/>\n\n\n\n<h3 class=\"wp-block-heading alignwide has-base-2-color has-text-color has-link-color wp-elements-d209139509aa577407e2587d641b955c\">Kann ich als Partneragentur das Objekt auf Immobilienportalen inserieren?<\/h3>\n\n\n\n<p class=\"has-contrast-1-color has-text-color has-link-color wp-elements-75e4fe76ab377b00d48035047942b8a1\">Bei den meisten Immobilien in unserem Portfolio handelt es sich um nicht marktg\u00e4ngige Objekte, die aus Sicherheitsgr\u00fcnden nicht ver\u00f6ffentlicht werden sollen, da der Wert der Immobilien und ihr Inhalt (Ausstattung, Kunstwerke, &#8230;) gesch\u00fctzt werden sollen. Das einzigartige Erscheinungsbild der Geb\u00e4ude macht sie leicht erkennbar, wenn sie in Idealista, Fotocasa, &#8230; ver\u00f6ffentlicht werden. Daher ist es nicht erlaubt, das Objekt in Portalen zu ver\u00f6ffentlichen, es sei denn, es liegt eine unterzeichnete Genehmigung von uns vor, obwohl Sie Ihre ehemaligen Kunden oder potenziellen K\u00e4ufer per E-Mail, in Schaufenstern oder auf Ihrer eigenen Website dar\u00fcber informieren k\u00f6nnen. Dies sorgt f\u00fcr eine Zwischenexposition und rechtfertigt den Mehrwert des Vertriebsnetzes, da wir die Immobilie ansonsten selbst bewerben k\u00f6nnten.  <\/p>\n\n\n\n<hr class=\"wp-block-separator has-text-color has-base-color has-alpha-channel-opacity has-base-background-color has-background is-style-wide\" style=\"margin-top:var(--wp--preset--spacing--30);margin-bottom:var(--wp--preset--spacing--30)\"\/>\n\n\n\n<h3 class=\"wp-block-heading alignwide has-base-2-color has-text-color has-link-color wp-elements-5facbcb94af8192c2e001782c83e70ee\">Kann ich als Partneragentur die Immobilie direkt zeigen?<\/h3>\n\n\n\n<p class=\"has-contrast-1-color has-text-color has-link-color wp-elements-27ca8362260e3e85340b3b7d24f4979e\">Ja, Sie haben die volle Kontrolle und Kommunikation mit Ihrem Kunden und unsere Rolle beschr\u00e4nkt sich darauf, die Immobilie zu \u00f6ffnen und den Alarm am Tag Ihres Besuchs abzuschalten. Wenn Sie Materialien wie z.B. gedruckte Verkaufsunterlagen ben\u00f6tigen, bringen wir diese mit Ihrem Logo und Ihren Kontaktdaten mit, damit sich der Kunde mit einem Material an die Immobilie erinnert, das Pl\u00e4ne, Renderings oder technische Details der Immobilie enth\u00e4lt. Wir haben Versionen in Spanisch, Englisch, Franz\u00f6sisch, Italienisch, Chinesisch, Japanisch oder Arabisch. Wenn Sie Geschenke oder ein Catering f\u00fcr die Besichtigung ben\u00f6tigen, z\u00f6gern Sie nicht, dies anzufordern: Es ist \u00fcblich, dass das Kundenprofil unserer Immobilien kleine H\u00f6flichkeiten sch\u00e4tzt, die den Besuch aufwerten, und wir k\u00f6nnen Ihnen einen angepassten Preis anbieten und alles f\u00fcr Ihre Ankunft bereithalten.   <\/p>\n\n\n\n<hr class=\"wp-block-separator has-text-color has-base-color has-alpha-channel-opacity has-base-background-color has-background is-style-wide\" style=\"margin-top:var(--wp--preset--spacing--30);margin-bottom:var(--wp--preset--spacing--30)\"\/>\n\n\n\n<h3 class=\"wp-block-heading alignwide has-base-2-color has-text-color has-link-color wp-elements-3266d4a87e0cea6221946df0e290fe2d\">Woran erkennen Sie, dass der Kunde von einer Partneragentur kommt?<\/h3>\n\n\n\n<p class=\"has-contrast-1-color has-text-color has-link-color wp-elements-4760e0349b89b389f9cba7c68af70038\">Sie haben das Recht, den Kunden anzuerkennen, solange er oder Sie seine\/ihre Daten in das Formular eintragen, das wir auf der f\u00fcr Sie vorbereiteten Landing Page f\u00fcr jede Immobilie aktivieren, auf der wir nach der Verf\u00fcgbarkeit f\u00fcr den Besuch fragen. Sollte es vorkommen, dass ein und derselbe Kunde Besichtigungsanfragen von zwei Agenturen ausf\u00fcllt, werden wir diese M\u00f6glichkeit blockieren, indem wir das Recht der Agentur anerkennen, die sich zuerst als Eigent\u00fcmer des Kunden identifiziert. <\/p>\n\n\n\n<hr class=\"wp-block-separator has-text-color has-base-color has-alpha-channel-opacity has-base-background-color has-background is-style-wide\" style=\"margin-top:var(--wp--preset--spacing--30);margin-bottom:var(--wp--preset--spacing--30)\"\/>\n\n\n\n<h3 class=\"wp-block-heading alignwide has-base-2-color has-text-color has-link-color wp-elements-dd8d974a9efce70bc25652fef66200c7\">Bin ich als Partneragentur berechtigt, dem Verk\u00e4ufer eine Provision zu berechnen?<\/h3>\n\n\n\n<p class=\"has-contrast-1-color has-text-color has-link-color wp-elements-bdda9e1d32b23fc0560876dc22b5d0c5\">Nein, die Investoren und Eigent\u00fcmer (oder Miteigent\u00fcmer) unseres Immobilienportfolios haben einen Vertrag mit ActivoSpain, in dem sie uns f\u00fcr die Dienstleistung des Auffindens, der Renovierung, der Instandhaltung und des Betriebs oder der Ver\u00e4u\u00dferung des Objekts bezahlen. Deshalb k\u00f6nnen wir einem Eigent\u00fcmer (oder uns selbst, da wir bei den meisten Immobilien Mitgesellschafter sind) keine zus\u00e4tzlichen Kosten aufb\u00fcrden.  <br\/><br\/>Jede Provision oder Geb\u00fchr sollte sich ausschlie\u00dflich auf die Dienstleistung beziehen, die Sie Ihrem Kunden anbieten. Dieser wird zweifellos Ihre Pr\u00e4sentation einer unserer einzigartigen Gelegenheiten zu sch\u00e4tzen wissen und eine angemessene Verg\u00fctung f\u00fcr Ihre Bem\u00fchungen bei der Identifizierung der Immobilie, der Sicherstellung, dass die Bedingungen angemessen sind, dass die Transaktion die Rechte des potenziellen K\u00e4ufers respektiert, und nat\u00fcrlich Ihre Zeit bei der Pr\u00e4sentation der Immobilie in Betracht ziehen.  <\/p>\n\n\n\n<div style=\"margin-top:var(--wp--preset--spacing--10);margin-bottom:0;height:var(--wp--preset--spacing--10)\" aria-hidden=\"true\" class=\"wp-block-spacer\"><\/div>\n<\/div>\n<\/div>\n\n<div class=\"wp-block-group alignfull has-global-padding is-layout-constrained wp-container-core-group-is-layout-d89aad35 wp-block-group-is-layout-constrained\" style=\"margin-top:0;margin-bottom:0;padding-top:var(--wp--preset--spacing--50);padding-right:var(--wp--preset--spacing--50);padding-bottom:var(--wp--preset--spacing--50);padding-left:var(--wp--preset--spacing--50)\">\n<div class=\"wp-block-columns alignwide are-vertically-aligned-center is-layout-flex wp-container-core-columns-is-layout-47c06fe3 wp-block-columns-is-layout-flex\">\n<div class=\"wp-block-column is-vertically-aligned-center is-layout-flow wp-block-column-is-layout-flow\" style=\"flex-basis:50%\">\n<h2 class=\"wp-block-heading\" id=\"alta-partners\">Registrierung beantragen<\/h2>\n\n\n\n<p>F\u00fcllen Sie das untenstehende Kontaktformular aus und erz\u00e4hlen Sie uns ein wenig mehr \u00fcber Ihr Unternehmen, damit wir das Potenzial f\u00fcr eine Partnerschaft besprechen k\u00f6nnen.<\/p>\n<\/div>\n\n\n\n<div class=\"wp-block-column is-vertically-aligned-center is-layout-flow wp-block-column-is-layout-flow\" style=\"flex-basis:50%\">\n<!-- Formulario de Alta Partner Venta Activospain -->\n<div class=\"form-container\">\n    <form id=\"zohoForm\" action=\"https:\/\/forms.zohopublic.eu\/demo5impulsamostunegocio1\/form\/AltaPartnerVentaActivospain\/formperma\/LpRu0TRPH6uk1xg9ghR4JgvKc5FfBribayqVMuD4Fxk\/htmlRecords\/submit\" method=\"POST\" accept-charset=\"UTF-8\" enctype=\"multipart\/form-data\" target=\"hidden_iframe\" onsubmit=\"showThankYouMessage();\">\n        \n               \n        <label>Name <span class=\"required\">* Name * Name * Name * Name * Name * Name * Name * Name * Name * Name *<\/span> Name<\/label>\n        <input type=\"text\" name=\"SingleLine1\" required=\"\"\/>\n\n        <label>Nachname<\/label>\n        <input type=\"text\" name=\"SingleLine2\" required=\"\"\/>\n\n        <label>Firma <span class=\"required\">* Firma * Firma * Firma * Firma * Firma * Firma * Firma * Firma * Firma * Firma * Firma *<\/span> Firma<\/label>\n        <input type=\"text\" name=\"SingleLine\" required=\"\"\/>\n\n        <label>Rolle<\/label>\n        <input type=\"text\" name=\"SingleLine3\"\/>\n\n        <label>Erz\u00e4hlen Sie uns von sich<\/label>\n        <textarea name=\"MultiLine\"><\/textarea>\n\n        <label>Telefon<\/label>\n        <input type=\"text\" name=\"PhoneNumber_countrycode\"\/>\n\n        <label>E-Mail <span class=\"required\">*<\/span> E-Mail<\/label>\n        <input type=\"email\" name=\"Email\" required=\"\"\/>\n\n        <label>\n            <input type=\"checkbox\" name=\"TermsConditions\" required=\"\"\/>  Ich akzeptiere die Bedingungen und Konditionen\n        <\/label>\n\n        <button type=\"submit\">Senden Sie<\/button>\n    <\/form>\n\n    <div id=\"thankYouMessage\">\n  Vielen Dank f\u00fcr Ihre Bewerbung. Wir werden Sie in K\u00fcrze kontaktieren. \n    <\/div>\n\n    <iframe name=\"hidden_iframe\" style=\"display:none;\"><\/iframe>\n<\/div>\n\n<style>\n    .form-container {\n        max-width: 600px;\n        margin: 20px auto;\n        padding: 20px;\n        background: #fff;\n        border-radius: 5px;\n        box-shadow: 0 2px 10px rgba(0, 0, 0, 0.1);\n    }\n    h2 {\n        text-align: center;\n        color: #333;\n    }\n    label {\n        font-weight: bold;\n        display: block;\n        margin-top: 10px;\n    }\n    input, textarea {\n        width: 100%;\n        padding: 8px;\n        margin-top: 5px;\n        border: 1px solid #ccc;\n        border-radius: 4px;\n    }\n    .required {\n        color: red;\n    }\n    button {\n        width: 100%;\n        padding: 10px;\n        background-color: #0073aa;\n        color: white;\n        border: none;\n        border-radius: 4px;\n        cursor: pointer;\n        margin-top: 15px;\n    }\n    button:hover {\n        background-color: #005177;\n    }\n\n    #thankYouMessage {\n        display: none;\n        padding: 20px;\n        color: black; \/* Texto negro *\/\n        text-align: center;\n        border-radius: 4px;\n        margin-top: 20px;\n        background: none; \/* Sin fondo *\/\n        border: none; \/* Sin bordes *\/\n        font-size: 16px;\n        font-weight: bold;\n    }\n\n<\/style>\n\n<script>\nfunction showThankYouMessage() {\n    document.getElementById(\"zohoForm\").style.display = \"none\";\n    document.getElementById(\"thankYouMessage\").style.display = \"block\";\n}\n<\/script>\n<\/div>\n<\/div>\n\n\n\n<div style=\"height:100px\" aria-hidden=\"true\" class=\"wp-block-spacer\"><\/div>\n<\/div>\n\n<p><\/p>\n","protected":false},"excerpt":{"rendered":"<p>ActivoSpain arbeitet kontinuierlich an der Entwicklung seines Netzwerks von Immobilienagenturen und Fachleuten des Sektors, um die Immobilien in seinem aktiven Portfolio zu vermarkten. Werden Sie Mitglied in unserem Netzwerk Wir verlassen uns auf die Spezialisten in den einzelnen Stadtvierteln, Bezirken und L\u00e4ndern, in denen sich unsere Anlagen befinden, und haben daher ein Partnerschaftsmodell entwickelt, um [&hellip;]<\/p>\n","protected":false},"author":1,"featured_media":0,"parent":0,"menu_order":0,"comment_status":"closed","ping_status":"closed","template":"sencilla-y-ancho-completo","meta":{"footnotes":""},"class_list":["post-392","page","type-page","status-publish","hentry"],"_links":{"self":[{"href":"https:\/\/activospain.com\/de\/wp-json\/wp\/v2\/pages\/392","targetHints":{"allow":["GET"]}}],"collection":[{"href":"https:\/\/activospain.com\/de\/wp-json\/wp\/v2\/pages"}],"about":[{"href":"https:\/\/activospain.com\/de\/wp-json\/wp\/v2\/types\/page"}],"author":[{"embeddable":true,"href":"https:\/\/activospain.com\/de\/wp-json\/wp\/v2\/users\/1"}],"replies":[{"embeddable":true,"href":"https:\/\/activospain.com\/de\/wp-json\/wp\/v2\/comments?post=392"}],"version-history":[{"count":1,"href":"https:\/\/activospain.com\/de\/wp-json\/wp\/v2\/pages\/392\/revisions"}],"predecessor-version":[{"id":393,"href":"https:\/\/activospain.com\/de\/wp-json\/wp\/v2\/pages\/392\/revisions\/393"}],"wp:attachment":[{"href":"https:\/\/activospain.com\/de\/wp-json\/wp\/v2\/media?parent=392"}],"curies":[{"name":"wp","href":"https:\/\/api.w.org\/{rel}","templated":true}]}}