{"id":394,"date":"2025-03-08T23:04:31","date_gmt":"2025-03-08T22:04:31","guid":{"rendered":"https:\/\/activospain.com\/alta-partners-vente\/"},"modified":"2025-03-09T11:58:57","modified_gmt":"2025-03-09T10:58:57","slug":"alta-partners-vente","status":"publish","type":"page","link":"https:\/\/activospain.com\/fr\/alta-partners-vente\/","title":{"rendered":"Alta Partners Vente"},"content":{"rendered":"\n<p>ActivoSpain travaille en permanence au d\u00e9veloppement de son r\u00e9seau d&rsquo;agences immobili\u00e8res et de professionnels du secteur afin de commercialiser les biens de son portefeuille actif.<\/p>\n\n<p><\/p>\n\n<div class=\"wp-block-group alignfull has-accent-5-background-color has-background has-global-padding is-layout-constrained wp-container-core-group-is-layout-d89aad35 wp-block-group-is-layout-constrained\" style=\"margin-top:0;margin-bottom:0;padding-top:var(--wp--preset--spacing--50);padding-right:var(--wp--preset--spacing--50);padding-bottom:var(--wp--preset--spacing--50);padding-left:var(--wp--preset--spacing--50)\">\n<div class=\"wp-block-columns alignwide is-layout-flex wp-container-core-columns-is-layout-1da03c2a wp-block-columns-is-layout-flex\">\n<div class=\"wp-block-column is-vertically-aligned-center is-layout-flow wp-block-column-is-layout-flow\" style=\"flex-basis:60%\">\n<figure class=\"wp-block-image size-full is-style-rounded wp-duotone-duotone-1 is-style-rounded--1\"><img decoding=\"async\" src=\"https:\/\/activospain.com\/wp-content\/themes\/twentytwentyfour\/assets\/images\/abstract-geometric-art.webp\" alt=\"&#x152;uvre d'art g&#xE9;om&#xE9;trique abstraite blanche de Dresde, Allemagne\" style=\"aspect-ratio:4\/3;object-fit:cover\"\/><\/figure>\n<\/div>\n\n\n\n<div class=\"wp-block-column is-layout-flow wp-block-column-is-layout-flow\" style=\"flex-basis:40%\">\n<h2 class=\"wp-block-heading\">Rejoignez notre r\u00e9seau<\/h2>\n\n\n\n<p>Nous nous appuyons sur les sp\u00e9cialistes de chaque quartier, district et pays o\u00f9 se trouvent nos actifs, et avons donc d\u00e9velopp\u00e9 un mod\u00e8le de partenariat pour compter sur vous et \u00eatre co-acteurs des succ\u00e8s de notre portefeuille d&rsquo;investisseurs.<\/p>\n\n\n\n<p>Nous vous offrons la possibilit\u00e9 de proposer un produit de qualit\u00e9 \u00e0 des acheteurs potentiels qui, figurant dans votre base de donn\u00e9es email ou t\u00e9l\u00e9phonique, n&rsquo;ont pas encore effectu\u00e9 d&rsquo;achat et peuvent \u00eatre int\u00e9ress\u00e9s par un bien tel que ceux de notre portefeuille.<\/p>\n\n\n\n<p>En raison de la valeur ajout\u00e9e de nos actifs, il existe un potentiel de commission tr\u00e8s attractif pour mon\u00e9tiser l&rsquo;apport de vos clients, \u00e0 qui vous pouvez transmettre une r\u00e9mun\u00e9ration variable pour le travail d&rsquo;explication des d\u00e9tails du bien.<\/p>\n\n\n\n<p>Vous b\u00e9n\u00e9ficierez de notre soutien total pour la fourniture de mat\u00e9riel : plans, photographies, rendus, vid\u00e9os, afin que vous puissiez vous concentrer sur la conversation avec le client.<\/p>\n<\/div>\n<\/div>\n<\/div>\n\n<h2 class=\"wp-block-heading\" style=\"margin-top:var(--wp--preset--spacing--30);margin-bottom:var(--wp--preset--spacing--30)\">En quoi consiste le plan de partenariat ?<\/h2>\n\n<p>ActivoSpain, en tant que partenaire du ou des d\u00e9tenteurs d&rsquo;actifs, ne vendra pas le bien directement mais le fera par l&rsquo;interm\u00e9diaire de son r\u00e9seau d&rsquo;agences partenaires.  <\/p>\n\n<p>Notre r\u00f4le est de repr\u00e9senter nos partenaires d&rsquo;investissement vis-\u00e0-vis du r\u00e9seau de distribution, parce que, pour des raisons de confidentialit\u00e9 ou autres, ils pr\u00e9f\u00e8rent \u00e9viter d&rsquo;\u00eatre expos\u00e9s ou d&rsquo;avoir des contacts avec des tiers. Nous d\u00e9tenons les cl\u00e9s de tous les biens immobiliers car nous sommes responsables de leur entretien. <\/p>\n\n<p>Notre r\u00f4le est de g\u00e9rer le cycle de vie de chaque propri\u00e9t\u00e9, en participant \u00e0 l&rsquo;achat et en aidant \u00e0 la vente, de sorte que nos honoraires sont pay\u00e9s par la propri\u00e9t\u00e9, avec laquelle nous avons un accord d&rsquo;exclusivit\u00e9 ou dont nous sommes copropri\u00e9taires. Cependant, notre mod\u00e8le d&rsquo;entreprise n\u00e9cessite un acteur suppl\u00e9mentaire dans la transaction, responsable de la localisation de l&rsquo;acheteur d&rsquo;un produit immobilier de notre portefeuille actif, et nous fournissons des produits exclusifs dans des zones de premi\u00e8re qualit\u00e9 \u00e0 forte demande. Notre succ\u00e8s d\u00e9pend de la protection de vos int\u00e9r\u00eats, c&rsquo;est pourquoi nous avons d\u00e9velopp\u00e9 un m\u00e9canisme technologique et op\u00e9rationnel pour reconna\u00eetre chaque client potentiel et vous r\u00e9server vos honoraires pour la vente.  <\/p>\n\n<p>Nous sommes confiants dans le format du partenariat et nous n&rsquo;accepterons pas de demandes d&rsquo;achat directes de la part des clients que vous nous avez d\u00e9sign\u00e9s, car notre r\u00f4le et notre force sont dans l&rsquo;acquisition de propri\u00e9t\u00e9s, et nous voulons concentrer toutes nos \u00e9nergies sur ce point en nous appuyant sur un r\u00e9seau de vente.<\/p>\n\n<div class=\"wp-block-buttons is-content-justification-center is-layout-flex wp-container-core-buttons-is-layout-a89b3969 wp-block-buttons-is-layout-flex\">\n<div class=\"wp-block-button has-custom-font-size has-medium-font-size\"><a class=\"wp-block-button__link wp-element-button\" href=\"#alta-partners\" style=\"padding-right:var(--wp--preset--spacing--40);padding-left:var(--wp--preset--spacing--40)\">Demande d&rsquo;inscription<\/a><\/div>\n<\/div>\n\n<h2 class=\"wp-block-heading\" style=\"margin-top:var(--wp--preset--spacing--30);margin-bottom:var(--wp--preset--spacing--30)\">Quels sont les instruments qui r\u00e9gissent le cycle de vente ?<\/h2>\n\n<p>En signant l&rsquo;accord-cadre, vous ferez partie de notre r\u00e9seau de vente et, si vous \u00eates int\u00e9ress\u00e9 par la commercialisation de l&rsquo;un de nos actifs, nous vous enverrons un accord sp\u00e9cifique pour cette opportunit\u00e9.<\/p>\n\n<p><\/p>\n\n<p style=\"margin-top:0;margin-bottom:0\">Une fois le contrat sign\u00e9, nous cr\u00e9erons pour vous une page web sp\u00e9cifique (landing page), avec tous les documents de vente (photographies, rendus, plans, visite en 3D, etc.) de l&rsquo;actif sp\u00e9cifique auquel vous souhaitez participer.Nous placerons vos coordonn\u00e9es dans cet espace num\u00e9rique, ainsi qu&rsquo;un formulaire qui vous informera imm\u00e9diatement de l&rsquo;enregistrement de toute personne int\u00e9ress\u00e9e, que nous ne contacterons pas directement, car l&rsquo;objectif de cet environnement de capture d&rsquo;informations est de r\u00e9server la propri\u00e9t\u00e9 de la personne int\u00e9ress\u00e9e et de transmettre \u00e0 toute agence collaboratrice que ce lead est votre \u00ab\u00a0propri\u00e9t\u00e9\u00a0\u00bb dans la fen\u00eatre de temps convenue.<\/p>\n\n<p style=\"margin-top:var(--wp--preset--spacing--10);margin-bottom:var(--wp--preset--spacing--10)\">En raison du profil des propri\u00e9t\u00e9s de notre portefeuille, nous choisirons des partenaires de vente qui ont un portefeuille de clients potentiels ou qui sont int\u00e9ress\u00e9s par des produits similaires \u00e0 ceux que nous commercialisons, c&rsquo;est-\u00e0-dire des propri\u00e9t\u00e9s uniques dans des zones exclusives, parce que nous ne nous sentons pas \u00e0 l&rsquo;aise avec une vente sur des portails immobiliers g\u00e9n\u00e9raux qui exposent massivement nos actifs, pour des raisons de s\u00e9curit\u00e9. Si vous disposez d&rsquo;une base de donn\u00e9es de personnes int\u00e9ress\u00e9es par des maisons individuelles ou des appartements dans des zones privil\u00e9gi\u00e9es, des maisons de luxe ou des urbanisations de haut standing, le flux de vente le plus recommand\u00e9 pour nos opportunit\u00e9s est le contact individuel avec les clients potentiels, ou par e-mail, avec un lien vers la page de renvoi que nous vous fournirons, qui sera unique pour vous, o\u00f9 le client peut d\u00e9velopper les informations sur la propri\u00e9t\u00e9 avec les mat\u00e9riaux que nous avons sur l&rsquo;actif, qui sont valid\u00e9s par notre \u00e9quipe d&rsquo;ing\u00e9nierie, les d\u00e9corateurs et les repr\u00e9sentants de la propri\u00e9t\u00e9. <br\/><\/p>\n\n<div class=\"wp-block-group alignfull has-base-color has-contrast-background-color has-text-color has-background has-link-color wp-elements-866c822e3c607f14777416982ae52514 has-global-padding is-layout-constrained wp-container-core-group-is-layout-d89aad35 wp-block-group-is-layout-constrained\" style=\"margin-top:0;margin-bottom:0;padding-top:var(--wp--preset--spacing--50);padding-right:var(--wp--preset--spacing--50);padding-bottom:var(--wp--preset--spacing--50);padding-left:var(--wp--preset--spacing--50)\">\n<h2 class=\"wp-block-heading alignwide has-base-color has-text-color has-link-color wp-elements-209f8966845fc65a8859ed1625566ebe\" style=\"font-size:clamp(4.509rem, 4.509rem + ((1vw - 0.2rem) * 9.152), 10rem);letter-spacing:-0.02em\">FAQ<\/h2>\n\n\n\n<div class=\"wp-block-group alignwide is-layout-flow wp-block-group-is-layout-flow\">\n<hr class=\"wp-block-separator has-text-color has-base-color has-alpha-channel-opacity has-base-background-color has-background is-style-wide\" style=\"margin-top:var(--wp--preset--spacing--30);margin-bottom:var(--wp--preset--spacing--30)\"\/>\n\n\n\n<h3 class=\"wp-block-heading alignwide has-base-2-color has-text-color has-link-color wp-elements-a7d265b9fa8cd6b17722161e103b91ba\">Que dois-je faire pour commercialiser un bien du portefeuille d&rsquo;ActivoSpain ?<\/h3>\n\n\n\n<p>La premi\u00e8re \u00e9tape consiste \u00e0 signer l&rsquo;accord-cadre entre votre agence immobili\u00e8re et notre soci\u00e9t\u00e9 de gestion, pour autant que vous remplissiez les conditions requises pour faire partie des entreprises ou des professionnels adh\u00e9rant \u00e0 notre r\u00e9seau.<\/p>\n\n\n\n<p>Deuxi\u00e8mement, une annexe sp\u00e9cifique sera sign\u00e9e, refl\u00e9tant les conditions et les engagements pour chaque actif de notre portefeuille actif, d\u00e9crivant la casuistique de l&rsquo;op\u00e9ration et la dur\u00e9e du projet.<\/p>\n\n\n\n<hr class=\"wp-block-separator has-text-color has-base-color has-alpha-channel-opacity has-base-background-color has-background is-style-wide\" style=\"margin-top:var(--wp--preset--spacing--30);margin-bottom:var(--wp--preset--spacing--30)\"\/>\n\n\n\n<h3 class=\"wp-block-heading alignwide has-base-2-color has-text-color has-link-color wp-elements-c18af21f0bf3b5949fbabc4c1440016f\">En tant qu&rsquo;agence, aurai-je l&rsquo;exclusivit\u00e9 de la vente du bien ?<\/h3>\n\n\n\n<p class=\"has-contrast-1-color has-text-color has-link-color wp-elements-3c1c6c9bc7b22bde6ce5c1c1df299e4a\">Nous n&rsquo;offrons pas d&rsquo;exclusivit\u00e9 \u00e0 notre canal de distribution, mais vous pourrez vous diff\u00e9rencier par votre disponibilit\u00e9 pour les visites ou la pr\u00e9paration\/formation que vous concentrez sur le produit, ce que nous vous expliquerons dans un webinaire sp\u00e9cifique.<\/p>\n\n\n\n<hr class=\"wp-block-separator has-text-color has-base-color has-alpha-channel-opacity has-base-background-color has-background is-style-wide\" style=\"margin-top:var(--wp--preset--spacing--30);margin-bottom:var(--wp--preset--spacing--30)\"\/>\n\n\n\n<h3 class=\"wp-block-heading alignwide has-base-2-color has-text-color has-link-color wp-elements-e45d04ddb4614cb3c4f546c3fa191236\">Puis-je, en tant qu&rsquo;agence partenaire, faire de la publicit\u00e9 pour le bien sur des portails immobiliers ?<\/h3>\n\n\n\n<p class=\"has-contrast-1-color has-text-color has-link-color wp-elements-4f95bc0429d48ef093eaca0eb6b177da\">La plupart des biens immobiliers de notre portefeuille sont des biens hors march\u00e9 que le propri\u00e9taire ne souhaite pas exposer pour des raisons de s\u00e9curit\u00e9, car la valeur des biens et leur contenu (\u00e9quipement, \u0153uvres d&rsquo;art, &#8230;) doivent \u00eatre prot\u00e9g\u00e9s. L&rsquo;aspect unique des b\u00e2timents les rend facilement reconnaissables s&rsquo;ils sont publi\u00e9s dans Idealista, Fotocasa, &#8230; donc, \u00e0 moins d&rsquo;une autorisation sign\u00e9e de notre part, il n&rsquo;est pas permis de publier le bien dans des portails, bien que vous puissiez en informer vos anciens clients ou des acheteurs potentiels par e-mail, dans des vitrines ou sur votre propre site web. Cela permet une exposition interm\u00e9diaire et justifie la valeur ajout\u00e9e du r\u00e9seau de vente, car sinon nous pourrions faire la publicit\u00e9 du bien nous-m\u00eames.  <\/p>\n\n\n\n<hr class=\"wp-block-separator has-text-color has-base-color has-alpha-channel-opacity has-base-background-color has-background is-style-wide\" style=\"margin-top:var(--wp--preset--spacing--30);margin-bottom:var(--wp--preset--spacing--30)\"\/>\n\n\n\n<h3 class=\"wp-block-heading alignwide has-base-2-color has-text-color has-link-color wp-elements-b1a35fbcbe3b49fc586dde1b525f0a83\">En tant qu&rsquo;agence partenaire, pourrai-je faire visiter le bien directement ?<\/h3>\n\n\n\n<p class=\"has-contrast-1-color has-text-color has-link-color wp-elements-d340f671ed36c46d8eb880e70c4dd83a\">Oui, vous aurez le contr\u00f4le total et la communication avec votre client, et notre r\u00f4le se limitera \u00e0 ouvrir la propri\u00e9t\u00e9 et \u00e0 d\u00e9connecter l&rsquo;alarme le jour de votre visite. Si vous avez besoin de documents tels que des dossiers de vente imprim\u00e9s, nous les apporterons avec votre logo et vos coordonn\u00e9es, afin que le client se souvienne de la propri\u00e9t\u00e9 gr\u00e2ce \u00e0 un document qui comprendra des plans, des rendus ou des d\u00e9tails techniques de la propri\u00e9t\u00e9. Nous disposons de versions en espagnol, anglais, fran\u00e7ais, italien, chinois, japonais ou arabe. Si vous avez besoin de cadeaux ou d&rsquo;un service de restauration pour la visite, n&rsquo;h\u00e9sitez pas \u00e0 le demander : il est courant que le profil des clients de nos propri\u00e9t\u00e9s appr\u00e9cie les petites attentions qui diff\u00e9rencient la visite, et nous pouvons vous fournir un prix adapt\u00e9 et tout pr\u00e9parer pour votre arriv\u00e9e.   <\/p>\n\n\n\n<hr class=\"wp-block-separator has-text-color has-base-color has-alpha-channel-opacity has-base-background-color has-background is-style-wide\" style=\"margin-top:var(--wp--preset--spacing--30);margin-bottom:var(--wp--preset--spacing--30)\"\/>\n\n\n\n<h3 class=\"wp-block-heading alignwide has-base-2-color has-text-color has-link-color wp-elements-2260a4899703a6d032c131d9799e70fc\">Comment reconna\u00eetre que le client provient d&rsquo;une agence partenaire ?<\/h3>\n\n\n\n<p class=\"has-contrast-1-color has-text-color has-link-color wp-elements-60403a1d78e0282e8d5b7cc46c1e9604\">Vous aurez toute la reconnaissance du client \u00e0 condition qu&rsquo;il remplisse ou que vous remplissiez ses informations dans le formulaire que nous activerons dans la page d&rsquo;accueil pr\u00e9par\u00e9e pour vous sur chaque propri\u00e9t\u00e9, dans laquelle nous demanderons la disponibilit\u00e9 pour la visite. Dans le cas o\u00f9 le m\u00eame client potentiel remplirait des formulaires de demande de visite aupr\u00e8s de deux agences, nous bloquerons cette possibilit\u00e9 en reconnaissant le droit de l&rsquo;agence qui s&rsquo;identifie en premier comme le propri\u00e9taire du client potentiel. <\/p>\n\n\n\n<hr class=\"wp-block-separator has-text-color has-base-color has-alpha-channel-opacity has-base-background-color has-background is-style-wide\" style=\"margin-top:var(--wp--preset--spacing--30);margin-bottom:var(--wp--preset--spacing--30)\"\/>\n\n\n\n<h3 class=\"wp-block-heading alignwide has-base-2-color has-text-color has-link-color wp-elements-83b264e16f319675962ba6606bcab682\">Ai-je le droit, en tant qu&rsquo;agence partenaire, de facturer une commission au vendeur ?<\/h3>\n\n\n\n<p class=\"has-contrast-1-color has-text-color has-link-color wp-elements-9f4719dff15602134187050aa8bc5d03\">Non, les investisseurs et les propri\u00e9taires (ou copropri\u00e9taires) de notre portefeuille de biens immobiliers ont conclu un contrat avec ActivoSpain en vertu duquel ils nous paient pour le service de localisation, de r\u00e9novation, d&rsquo;entretien et d&rsquo;exploitation ou de cession du bien. C&rsquo;est pourquoi nous ne pouvons pas facturer des frais suppl\u00e9mentaires \u00e0 un propri\u00e9taire (ou \u00e0 nous-m\u00eames, car nous sommes co-partenaires dans la plupart des biens immobiliers).  <br\/><br\/>Toute commission ou tout honoraire doit \u00eatre exclusivement li\u00e9 au service que vous offrez \u00e0 votre client, qui appr\u00e9ciera sans aucun doute que vous lui pr\u00e9sentiez l&rsquo;une ou l&rsquo;autre de nos opportunit\u00e9s uniques, et consid\u00e9rera comme raisonnable la r\u00e9mun\u00e9ration de vos efforts pour identifier le bien, s&rsquo;assurer que les conditions sont appropri\u00e9es, que la transaction respecte les droits de l&rsquo;acheteur potentiel et, bien s\u00fbr, le temps que vous consacrez \u00e0 la pr\u00e9sentation du bien.  <\/p>\n\n\n\n<div style=\"margin-top:var(--wp--preset--spacing--10);margin-bottom:0;height:var(--wp--preset--spacing--10)\" aria-hidden=\"true\" class=\"wp-block-spacer\"><\/div>\n<\/div>\n<\/div>\n\n<div class=\"wp-block-group alignfull has-global-padding is-layout-constrained wp-container-core-group-is-layout-d89aad35 wp-block-group-is-layout-constrained\" style=\"margin-top:0;margin-bottom:0;padding-top:var(--wp--preset--spacing--50);padding-right:var(--wp--preset--spacing--50);padding-bottom:var(--wp--preset--spacing--50);padding-left:var(--wp--preset--spacing--50)\">\n<div class=\"wp-block-columns alignwide are-vertically-aligned-center is-layout-flex wp-container-core-columns-is-layout-47c06fe3 wp-block-columns-is-layout-flex\">\n<div class=\"wp-block-column is-vertically-aligned-center is-layout-flow wp-block-column-is-layout-flow\" style=\"flex-basis:50%\">\n<h2 class=\"wp-block-heading\" id=\"alta-partners\">Demande d&rsquo;inscription<\/h2>\n\n\n\n<p>Remplissez le formulaire de contact ci-dessous et parlez-nous un peu de votre entreprise afin que nous puissions discuter des possibilit\u00e9s de partenariat.<\/p>\n<\/div>\n\n\n\n<div class=\"wp-block-column is-vertically-aligned-center is-layout-flow wp-block-column-is-layout-flow\" style=\"flex-basis:50%\">\n<!-- Formulario de Alta Partner Venta Activospain -->\n<div class=\"form-container\">\n    <form id=\"zohoForm\" action=\"https:\/\/forms.zohopublic.eu\/demo5impulsamostunegocio1\/form\/AltaPartnerVentaActivospain\/formperma\/LpRu0TRPH6uk1xg9ghR4JgvKc5FfBribayqVMuD4Fxk\/htmlRecords\/submit\" method=\"POST\" accept-charset=\"UTF-8\" enctype=\"multipart\/form-data\" target=\"hidden_iframe\" onsubmit=\"showThankYouMessage();\">\n        \n               \n        <label>Nom <span class=\"required\">* Nom * Nom * Nom * Nom * Nom * Nom * Nom * Nom * Nom * Nom * Nom * Nom * Nom *<\/span> Nom<\/label>\n        <input type=\"text\" name=\"SingleLine1\" required=\"\"\/>\n\n        <label>Nom de famille<\/label>\n        <input type=\"text\" name=\"SingleLine2\" required=\"\"\/>\n\n        <label>Entreprise <span class=\"required\">* Entreprise * Entreprise * Entreprise * Entreprise * Entreprise * Entreprise * Entreprise * Entreprise * Entreprise * Entreprise * Entreprise * Entreprise *<\/span> Entreprise<\/label>\n        <input type=\"text\" name=\"SingleLine\" required=\"\"\/>\n\n        <label>R\u00f4le<\/label>\n        <input type=\"text\" name=\"SingleLine3\"\/>\n\n        <label>Parlez-nous de vous<\/label>\n        <textarea name=\"MultiLine\"><\/textarea>\n\n        <label>T\u00e9l\u00e9phone<\/label>\n        <input type=\"text\" name=\"PhoneNumber_countrycode\"\/>\n\n        <label>Email <span class=\"required\">*<\/span> Email<\/label>\n        <input type=\"email\" name=\"Email\" required=\"\"\/>\n\n        <label>\n            <input type=\"checkbox\" name=\"TermsConditions\" required=\"\"\/>  J&rsquo;accepte les termes et conditions\n        <\/label>\n\n        <button type=\"submit\">Envoyer<\/button>\n    <\/form>\n\n    <div id=\"thankYouMessage\">\n  Nous vous remercions de votre demande. Nous vous contacterons dans les plus brefs d\u00e9lais.\n    <\/div>\n\n    <iframe name=\"hidden_iframe\" style=\"display:none;\"><\/iframe>\n<\/div>\n\n<style>\n    .form-container {\n        max-width: 600px;\n        margin: 20px auto;\n        padding: 20px;\n        background: #fff;\n        border-radius: 5px;\n        box-shadow: 0 2px 10px rgba(0, 0, 0, 0.1);\n    }\n    h2 {\n        text-align: center;\n        color: #333;\n    }\n    label {\n        font-weight: bold;\n        display: block;\n        margin-top: 10px;\n    }\n    input, textarea {\n        width: 100%;\n        padding: 8px;\n        margin-top: 5px;\n        border: 1px solid #ccc;\n        border-radius: 4px;\n    }\n    .required {\n        color: red;\n    }\n    button {\n        width: 100%;\n        padding: 10px;\n        background-color: #0073aa;\n        color: white;\n        border: none;\n        border-radius: 4px;\n        cursor: pointer;\n        margin-top: 15px;\n    }\n    button:hover {\n        background-color: #005177;\n    }\n\n    #thankYouMessage {\n        display: none;\n        padding: 20px;\n        color: black; \/* Texto negro *\/\n        text-align: center;\n        border-radius: 4px;\n        margin-top: 20px;\n        background: none; \/* Sin fondo *\/\n        border: none; \/* Sin bordes *\/\n        font-size: 16px;\n        font-weight: bold;\n    }\n\n<\/style>\n\n<script>\nfunction showThankYouMessage() {\n    document.getElementById(\"zohoForm\").style.display = \"none\";\n    document.getElementById(\"thankYouMessage\").style.display = \"block\";\n}\n<\/script>\n<\/div>\n<\/div>\n\n\n\n<div style=\"height:100px\" aria-hidden=\"true\" class=\"wp-block-spacer\"><\/div>\n<\/div>\n\n<p><\/p>\n","protected":false},"excerpt":{"rendered":"<p>ActivoSpain travaille en permanence au d\u00e9veloppement de son r\u00e9seau d&rsquo;agences immobili\u00e8res et de professionnels du secteur afin de commercialiser les biens de son portefeuille actif. Rejoignez notre r\u00e9seau Nous nous appuyons sur les sp\u00e9cialistes de chaque quartier, district et pays o\u00f9 se trouvent nos actifs, et avons donc d\u00e9velopp\u00e9 un mod\u00e8le de partenariat pour compter [&hellip;]<\/p>\n","protected":false},"author":1,"featured_media":0,"parent":0,"menu_order":0,"comment_status":"closed","ping_status":"closed","template":"sencilla-y-ancho-completo","meta":{"footnotes":""},"class_list":["post-394","page","type-page","status-publish","hentry"],"_links":{"self":[{"href":"https:\/\/activospain.com\/fr\/wp-json\/wp\/v2\/pages\/394","targetHints":{"allow":["GET"]}}],"collection":[{"href":"https:\/\/activospain.com\/fr\/wp-json\/wp\/v2\/pages"}],"about":[{"href":"https:\/\/activospain.com\/fr\/wp-json\/wp\/v2\/types\/page"}],"author":[{"embeddable":true,"href":"https:\/\/activospain.com\/fr\/wp-json\/wp\/v2\/users\/1"}],"replies":[{"embeddable":true,"href":"https:\/\/activospain.com\/fr\/wp-json\/wp\/v2\/comments?post=394"}],"version-history":[{"count":1,"href":"https:\/\/activospain.com\/fr\/wp-json\/wp\/v2\/pages\/394\/revisions"}],"predecessor-version":[{"id":395,"href":"https:\/\/activospain.com\/fr\/wp-json\/wp\/v2\/pages\/394\/revisions\/395"}],"wp:attachment":[{"href":"https:\/\/activospain.com\/fr\/wp-json\/wp\/v2\/media?parent=394"}],"curies":[{"name":"wp","href":"https:\/\/api.w.org\/{rel}","templated":true}]}}