{"id":390,"date":"2025-03-08T23:04:31","date_gmt":"2025-03-08T22:04:31","guid":{"rendered":"https:\/\/activospain.com\/vendita-di-alta-partners\/"},"modified":"2025-03-09T11:58:56","modified_gmt":"2025-03-09T10:58:56","slug":"vendita-di-alta-partners","status":"publish","type":"page","link":"https:\/\/activospain.com\/it\/vendita-di-alta-partners\/","title":{"rendered":"Vendita di Alta Partners"},"content":{"rendered":"\n<p>ActivoSpain lavora costantemente allo sviluppo della sua rete di agenzie immobiliari e di professionisti del settore per commercializzare gli immobili del suo portafoglio attivo.<\/p>\n\n<p><\/p>\n\n<div class=\"wp-block-group alignfull has-accent-5-background-color has-background has-global-padding is-layout-constrained wp-container-core-group-is-layout-d89aad35 wp-block-group-is-layout-constrained\" style=\"margin-top:0;margin-bottom:0;padding-top:var(--wp--preset--spacing--50);padding-right:var(--wp--preset--spacing--50);padding-bottom:var(--wp--preset--spacing--50);padding-left:var(--wp--preset--spacing--50)\">\n<div class=\"wp-block-columns alignwide is-layout-flex wp-container-core-columns-is-layout-1da03c2a wp-block-columns-is-layout-flex\">\n<div class=\"wp-block-column is-vertically-aligned-center is-layout-flow wp-block-column-is-layout-flow\" style=\"flex-basis:60%\">\n<figure class=\"wp-block-image size-full is-style-rounded wp-duotone-duotone-1 is-style-rounded--1\"><img decoding=\"async\" src=\"https:\/\/activospain.com\/wp-content\/themes\/twentytwentyfour\/assets\/images\/abstract-geometric-art.webp\" alt=\"Opera d'arte geometrica astratta bianca di Dresda, Germania\" style=\"aspect-ratio:4\/3;object-fit:cover\"\/><\/figure>\n<\/div>\n\n\n\n<div class=\"wp-block-column is-layout-flow wp-block-column-is-layout-flow\" style=\"flex-basis:40%\">\n<h2 class=\"wp-block-heading\">Unisciti alla nostra rete<\/h2>\n\n\n\n<p>Ci affidiamo agli specialisti di ogni quartiere, distretto e paese in cui si trovano i nostri asset e abbiamo quindi sviluppato un modello di partnership per poter contare su di voi ed essere co-protagonisti dei successi del nostro portafoglio di investitori.<\/p>\n\n\n\n<p>Ti offriamo l&#8217;opportunit\u00e0 di proporre un prodotto di qualit\u00e0 a potenziali acquirenti che, essendo nel tuo database di email o telefono, non hanno ancora effettuato un acquisto e potrebbero essere interessati a un immobile come quelli presenti nel nostro portafoglio.<\/p>\n\n\n\n<p>Grazie al valore aggiunto dei nostri beni, c&#8217;\u00e8 un potenziale di commissione molto interessante per monetizzare il contributo dei tuoi clienti, ai quali puoi trasferire una remunerazione variabile per il lavoro di spiegazione dei dettagli dell&#8217;immobile.<\/p>\n\n\n\n<p>Avrai il nostro pieno supporto nella fornitura di materiali: progetti, fotografie, rendering, video, in modo da poterti concentrare sulla conversazione con il cliente.<\/p>\n<\/div>\n<\/div>\n<\/div>\n\n<h2 class=\"wp-block-heading\" style=\"margin-top:var(--wp--preset--spacing--30);margin-bottom:var(--wp--preset--spacing--30)\">In cosa consiste il piano di partnership?<\/h2>\n\n<p>ActivoSpain, in qualit\u00e0 di partner del titolare dell&#8217;attivit\u00e0, non vender\u00e0 direttamente l&#8217;immobile ma lo far\u00e0 attraverso il suo canale di agenzie partner.  <\/p>\n\n<p>Il nostro ruolo \u00e8 quello di rappresentare i nostri partner di investimento nei confronti della rete di distribuzione, poich\u00e9, per motivi di privacy o altro, preferiscono evitare l&#8217;esposizione o il contatto con terze parti. Deteniamo le chiavi di tutte le propriet\u00e0 perch\u00e9 siamo responsabili della loro manutenzione. <\/p>\n\n<p>Il nostro ruolo \u00e8 quello di gestire il ciclo di vita di ogni immobile, partecipando all&#8217;acquisto e assistendo nella vendita, per cui il nostro compenso \u00e8 pagato dalla propriet\u00e0, con la quale abbiamo un accordo di esclusivit\u00e0 o siamo partner comproprietari dell&#8217;immobile. Tuttavia, il nostro modello di business richiede un ulteriore attore nella transazione, responsabile di trovare l&#8217;acquirente di un prodotto immobiliare dal nostro portafoglio attivo, e forniamo prodotti esclusivi in aree premium ad alta domanda. Il nostro successo dipende dalla tutela dei tuoi interessi, per questo abbiamo sviluppato un meccanismo tecnologico e operativo per riconoscere ogni potenziale cliente e riservarti la tua commissione per la vendita.  <\/p>\n\n<p>Siamo fiduciosi nel formato della partnership e non prenderemo in considerazione richieste di acquisto dirette da parte dei clienti che ci avete indicato, poich\u00e9 il nostro ruolo e la nostra forza sono nell&#8217;acquisizione di immobili e vogliamo concentrare tutte le nostre energie su questo aspetto affidandoci a una rete di vendita.<\/p>\n\n<div class=\"wp-block-buttons is-content-justification-center is-layout-flex wp-container-core-buttons-is-layout-a89b3969 wp-block-buttons-is-layout-flex\">\n<div class=\"wp-block-button has-custom-font-size has-medium-font-size\"><a class=\"wp-block-button__link wp-element-button\" href=\"#alta-partners\" style=\"padding-right:var(--wp--preset--spacing--40);padding-left:var(--wp--preset--spacing--40)\">Richiedi la registrazione<\/a><\/div>\n<\/div>\n\n<h2 class=\"wp-block-heading\" style=\"margin-top:var(--wp--preset--spacing--30);margin-bottom:var(--wp--preset--spacing--30)\">Quali strumenti regolano il ciclo di vendita?<\/h2>\n\n<p>Firmando l&#8217;accordo quadro entrerai a far parte della nostra rete di vendita e, se sarai interessato a commercializzare uno dei nostri beni, ti invieremo un accordo specifico per tale opportunit\u00e0.<\/p>\n\n<p><\/p>\n\n<p style=\"margin-top:0;margin-bottom:0\">Una volta firmato, costruiremo per te una pagina web specifica (landing page), con tutto il materiale di vendita (fotografie, rendering, planimetrie, visita 3D, ecc.) dello specifico bene a cui desideri partecipare.) dello specifico bene a cui desideri partecipare, in cui l&#8217;immagine aziendale sar\u00e0 quella della tua azienda, in modo che il cliente capisca che la vendita avviene tramite te, e inseriremo i tuoi dati di contatto in questo spazio digitale, oltre a un modulo che ti informer\u00e0 immediatamente della registrazione di eventuali interessati, che non contatteremo direttamente, poich\u00e9 lo scopo di questo ambiente di acquisizione delle informazioni \u00e8 quello di riservare la propriet\u00e0 dell&#8217;interessato e di trasmettere a qualsiasi agenzia collaboratrice che questo lead \u00e8 di tua &#8220;propriet\u00e0&#8221; nella finestra temporale concordata.<\/p>\n\n<p style=\"margin-top:var(--wp--preset--spacing--10);margin-bottom:var(--wp--preset--spacing--10)\">A causa del profilo delle propriet\u00e0 presenti nel nostro portafoglio, sceglieremo partner di vendita che abbiano un portafoglio di potenziali clienti o che siano interessati a prodotti simili a quelli che commercializziamo noi, ovvero propriet\u00e0 uniche in aree esclusive, perch\u00e9 non ci sentiamo a nostro agio con una vendita su portali immobiliari generici che espongono massicciamente i nostri beni, per motivi di sicurezza. Se disponi di un database di persone interessate a case unifamiliari o appartamenti in zone di pregio, case di lusso o urbanizzazioni di alto livello, il flusso di vendita pi\u00f9 consigliato per le nostre opportunit\u00e0 \u00e8 il contatto individuale con i potenziali clienti, o via e-mail, con un link alla landing page che ti forniremo, che sar\u00e0 unica per te, dove il cliente potr\u00e0 ampliare le informazioni sull&#8217;immobile con i materiali che abbiamo sul bene, convalidati dal nostro team di ingegneri, arredatori e rappresentanti immobiliari. <br\/><\/p>\n\n<div class=\"wp-block-group alignfull has-base-color has-contrast-background-color has-text-color has-background has-link-color wp-elements-bdfa322c879286c0d549ef6c6a34d178 has-global-padding is-layout-constrained wp-container-core-group-is-layout-d89aad35 wp-block-group-is-layout-constrained\" style=\"margin-top:0;margin-bottom:0;padding-top:var(--wp--preset--spacing--50);padding-right:var(--wp--preset--spacing--50);padding-bottom:var(--wp--preset--spacing--50);padding-left:var(--wp--preset--spacing--50)\">\n<h2 class=\"wp-block-heading alignwide has-base-color has-text-color has-link-color wp-elements-8cb28aa9b979ca8848dab4b9efd10708\" style=\"font-size:clamp(4.509rem, 4.509rem + ((1vw - 0.2rem) * 9.152), 10rem);letter-spacing:-0.02em\">Domande frequenti<\/h2>\n\n\n\n<div class=\"wp-block-group alignwide is-layout-flow wp-block-group-is-layout-flow\">\n<hr class=\"wp-block-separator has-text-color has-base-color has-alpha-channel-opacity has-base-background-color has-background is-style-wide\" style=\"margin-top:var(--wp--preset--spacing--30);margin-bottom:var(--wp--preset--spacing--30)\"\/>\n\n\n\n<h3 class=\"wp-block-heading alignwide has-base-2-color has-text-color has-link-color wp-elements-c055e5eaebdef4a681b8675f18fbd6a9\">Cosa devo fare per commercializzare un immobile del portafoglio di ActivoSpain?<\/h3>\n\n\n\n<p>Il primo passo \u00e8 quello di firmare l&#8217;accordo quadro tra la tua agenzia immobiliare e la nostra societ\u00e0 di gestione, a patto che tu abbia i requisiti per far parte delle imprese o dei professionisti aderenti al nostro network.<\/p>\n\n\n\n<p>In secondo luogo, verr\u00e0 firmato un allegato specifico che riflette le condizioni e gli impegni per ogni asset del nostro portafoglio attivo, descrivendo la casistica dell&#8217;operazione e la durata del progetto.<\/p>\n\n\n\n<hr class=\"wp-block-separator has-text-color has-base-color has-alpha-channel-opacity has-base-background-color has-background is-style-wide\" style=\"margin-top:var(--wp--preset--spacing--30);margin-bottom:var(--wp--preset--spacing--30)\"\/>\n\n\n\n<h3 class=\"wp-block-heading alignwide has-base-2-color has-text-color has-link-color wp-elements-f2e6669dcc5d7d8d4562a59f1201c665\">Come agenzia, avr\u00f2 l&#8217;esclusiva per la vendita dell&#8217;immobile?<\/h3>\n\n\n\n<p class=\"has-contrast-1-color has-text-color has-link-color wp-elements-d7dfe7af195ab3b19e6883596ea8ead2\">Non offriamo l&#8217;esclusiva al nostro canale di distribuzione, ma potrai differenziarti grazie alla tua disponibilit\u00e0 per le visite o alla preparazione\/formazione che concentrerai sul prodotto, che ti spiegheremo in un webinar specifico.<\/p>\n\n\n\n<hr class=\"wp-block-separator has-text-color has-base-color has-alpha-channel-opacity has-base-background-color has-background is-style-wide\" style=\"margin-top:var(--wp--preset--spacing--30);margin-bottom:var(--wp--preset--spacing--30)\"\/>\n\n\n\n<h3 class=\"wp-block-heading alignwide has-base-2-color has-text-color has-link-color wp-elements-a7ae22947cfc3425524db953394c1ebe\">Posso, in qualit\u00e0 di agenzia partner, pubblicizzare il bene sui portali immobiliari?<\/h3>\n\n\n\n<p class=\"has-contrast-1-color has-text-color has-link-color wp-elements-926fa0d8f74a706d5c78611faa321578\">La maggior parte degli immobili presenti nel nostro portafoglio sono beni fuori mercato dove la Propriet\u00e0 non desidera esporre il bene per motivi di sicurezza, in quanto il valore degli immobili e il loro contenuto (attrezzature, opere d&#8217;arte, &#8230;) devono essere protetti. L&#8217;aspetto unico degli immobili li rende facilmente riconoscibili se pubblicati su Idealista, Fotocasa, &#8230; quindi, a meno che non ci sia un&#8217;autorizzazione firmata da noi, non \u00e8 consentito pubblicare il bene su portali, anche se puoi informare i tuoi ex clienti o potenziali acquirenti tramite e-mail, vetrine o sul tuo sito web. Questo garantisce un&#8217;esposizione intermedia e giustifica il valore aggiunto della rete di vendita, perch\u00e9 altrimenti potremmo pubblicizzare noi stessi l&#8217;immobile.  <\/p>\n\n\n\n<hr class=\"wp-block-separator has-text-color has-base-color has-alpha-channel-opacity has-base-background-color has-background is-style-wide\" style=\"margin-top:var(--wp--preset--spacing--30);margin-bottom:var(--wp--preset--spacing--30)\"\/>\n\n\n\n<h3 class=\"wp-block-heading alignwide has-base-2-color has-text-color has-link-color wp-elements-fa4975b08ce0477e9ffc03a48457976a\">In qualit\u00e0 di agenzia partner, potr\u00f2 mostrare direttamente l&#8217;immobile?<\/h3>\n\n\n\n<p class=\"has-contrast-1-color has-text-color has-link-color wp-elements-30ac966d79fd38426f6d7ddbca71c4d6\">S\u00ec, avrai il pieno controllo e la comunicazione con il tuo cliente e il nostro ruolo si limiter\u00e0 all&#8217;apertura dell&#8217;immobile e alla disattivazione dell&#8217;allarme il giorno della tua visita. Se hai bisogno di materiale come fascicoli di vendita stampati, li porteremo con il tuo logo e i tuoi dati di contatto, in modo che il cliente si ricordi dell&#8217;immobile con un materiale che includa planimetrie, rendering o dettagli tecnici dell&#8217;immobile. Abbiamo versioni in spagnolo, inglese, francese, italiano, cinese, giapponese o arabo. Se hai bisogno di regali o di un catering per la visita, non esitare a richiederlo: \u00e8 comune che il profilo dei clienti delle nostre propriet\u00e0 apprezzi le piccole cortesie che differenziano la visita, e possiamo fornirti un prezzo adeguato e far s\u00ec che tutto sia pronto per il tuo arrivo.   <\/p>\n\n\n\n<hr class=\"wp-block-separator has-text-color has-base-color has-alpha-channel-opacity has-base-background-color has-background is-style-wide\" style=\"margin-top:var(--wp--preset--spacing--30);margin-bottom:var(--wp--preset--spacing--30)\"\/>\n\n\n\n<h3 class=\"wp-block-heading alignwide has-base-2-color has-text-color has-link-color wp-elements-e979010a57ccb3d0dc14a55b743316da\">Come si riconosce che il cliente proviene da un&#8217;agenzia partner?<\/h3>\n\n\n\n<p class=\"has-contrast-1-color has-text-color has-link-color wp-elements-58be255964593999493a139fb69b8e00\">Avrai tutto il riconoscimento del cliente a patto che lui o tu compili i suoi dati nel modulo che abiliteremo nella landing page preparata per te su ogni propriet\u00e0, in cui ti chiederemo la disponibilit\u00e0 per la visita. Nella remota possibilit\u00e0 che lo stesso cliente compili i moduli di richiesta di visita di due agenzie, bloccheremo la possibilit\u00e0 riconoscendo il diritto dell&#8217;agenzia che si identifica per prima come titolare del lead. <\/p>\n\n\n\n<hr class=\"wp-block-separator has-text-color has-base-color has-alpha-channel-opacity has-base-background-color has-background is-style-wide\" style=\"margin-top:var(--wp--preset--spacing--30);margin-bottom:var(--wp--preset--spacing--30)\"\/>\n\n\n\n<h3 class=\"wp-block-heading alignwide has-base-2-color has-text-color has-link-color wp-elements-ac7b26a0cb190d26952fe932dc4ff6b0\">Sono autorizzato, in quanto agenzia partner, ad applicare una commissione al venditore?<\/h3>\n\n\n\n<p class=\"has-contrast-1-color has-text-color has-link-color wp-elements-ae0ef8de6f063ae4145b3cd8ba786f63\">No, gli investitori e i proprietari (o comproprietari) del nostro portafoglio immobiliare hanno stipulato un contratto con ActivoSpain in cui ci pagano per il servizio di individuazione, ristrutturazione, manutenzione e gestione o cessione del bene, motivo per cui non possiamo addebitare a un proprietario (o a noi stessi, perch\u00e9 nella maggior parte degli immobili siamo comproprietari) costi aggiuntivi.  <br\/><br\/>Qualsiasi commissione o onorario dovrebbe essere esclusivamente legato al servizio che offri al tuo cliente, che senza dubbio apprezzer\u00e0 la tua presentazione di una qualsiasi delle nostre opportunit\u00e0 uniche, e considerer\u00e0 ragionevole il pagamento per i tuoi sforzi nell&#8217;identificare l&#8217;immobile, nell&#8217;assicurarti che le condizioni siano appropriate, che la transazione rispetti i diritti del potenziale acquirente e, naturalmente, il tuo tempo nel mostrare l&#8217;immobile.  <\/p>\n\n\n\n<div style=\"margin-top:var(--wp--preset--spacing--10);margin-bottom:0;height:var(--wp--preset--spacing--10)\" aria-hidden=\"true\" class=\"wp-block-spacer\"><\/div>\n<\/div>\n<\/div>\n\n<div class=\"wp-block-group alignfull has-global-padding is-layout-constrained wp-container-core-group-is-layout-d89aad35 wp-block-group-is-layout-constrained\" style=\"margin-top:0;margin-bottom:0;padding-top:var(--wp--preset--spacing--50);padding-right:var(--wp--preset--spacing--50);padding-bottom:var(--wp--preset--spacing--50);padding-left:var(--wp--preset--spacing--50)\">\n<div class=\"wp-block-columns alignwide are-vertically-aligned-center is-layout-flex wp-container-core-columns-is-layout-47c06fe3 wp-block-columns-is-layout-flex\">\n<div class=\"wp-block-column is-vertically-aligned-center is-layout-flow wp-block-column-is-layout-flow\" style=\"flex-basis:50%\">\n<h2 class=\"wp-block-heading\" id=\"alta-partners\">Richiedi la registrazione<\/h2>\n\n\n\n<p>Compila il modulo di contatto qui sotto e raccontaci qualcosa di pi\u00f9 sulla tua azienda, in modo da poter discutere la possibilit\u00e0 di una partnership.<\/p>\n<\/div>\n\n\n\n<div class=\"wp-block-column is-vertically-aligned-center is-layout-flow wp-block-column-is-layout-flow\" style=\"flex-basis:50%\">\n<!-- Formulario de Alta Partner Venta Activospain -->\n<div class=\"form-container\">\n    <form id=\"zohoForm\" action=\"https:\/\/forms.zohopublic.eu\/demo5impulsamostunegocio1\/form\/AltaPartnerVentaActivospain\/formperma\/LpRu0TRPH6uk1xg9ghR4JgvKc5FfBribayqVMuD4Fxk\/htmlRecords\/submit\" method=\"POST\" accept-charset=\"UTF-8\" enctype=\"multipart\/form-data\" target=\"hidden_iframe\" onsubmit=\"showThankYouMessage();\">\n        \n               \n        <label>Nome <span class=\"required\">* Nome * Nome * Nome * Nome * Nome * Nome * Nome * Nome * Nome * Nome * Nome * Nome * Nome * Nome * Nome *<\/span> Nome<\/label>\n        <input type=\"text\" name=\"SingleLine1\" required=\"\"\/>\n\n        <label>Cognome<\/label>\n        <input type=\"text\" name=\"SingleLine2\" required=\"\"\/>\n\n        <label>Azienda <span class=\"required\">* Azienda * Azienda * Azienda * Azienda * Azienda * Azienda * Azienda * Azienda * Azienda * Azienda * Azienda * Azienda * Azienda * Azienda *<\/span> Azienda<\/label>\n        <input type=\"text\" name=\"SingleLine\" required=\"\"\/>\n\n        <label>Ruolo<\/label>\n        <input type=\"text\" name=\"SingleLine3\"\/>\n\n        <label>Parlaci di te<\/label>\n        <textarea name=\"MultiLine\"><\/textarea>\n\n        <label>Telefono<\/label>\n        <input type=\"text\" name=\"PhoneNumber_countrycode\"\/>\n\n        <label>Email <span class=\"required\">*<\/span> Email<\/label>\n        <input type=\"email\" name=\"Email\" required=\"\"\/>\n\n        <label>\n            <input type=\"checkbox\" name=\"TermsConditions\" required=\"\"\/>  Accetto i termini e le condizioni\n        <\/label>\n\n        <button type=\"submit\">Invia<\/button>\n    <\/form>\n\n    <div id=\"thankYouMessage\">\n  Grazie per la tua candidatura. Ti contatteremo al pi\u00f9 presto. \n    <\/div>\n\n    <iframe name=\"hidden_iframe\" style=\"display:none;\"><\/iframe>\n<\/div>\n\n<style>\n    .form-container {\n        max-width: 600px;\n        margin: 20px auto;\n        padding: 20px;\n        background: #fff;\n        border-radius: 5px;\n        box-shadow: 0 2px 10px rgba(0, 0, 0, 0.1);\n    }\n    h2 {\n        text-align: center;\n        color: #333;\n    }\n    label {\n        font-weight: bold;\n        display: block;\n        margin-top: 10px;\n    }\n    input, textarea {\n        width: 100%;\n        padding: 8px;\n        margin-top: 5px;\n        border: 1px solid #ccc;\n        border-radius: 4px;\n    }\n    .required {\n        color: red;\n    }\n    button {\n        width: 100%;\n        padding: 10px;\n        background-color: #0073aa;\n        color: white;\n        border: none;\n        border-radius: 4px;\n        cursor: pointer;\n        margin-top: 15px;\n    }\n    button:hover {\n        background-color: #005177;\n    }\n\n    #thankYouMessage {\n        display: none;\n        padding: 20px;\n        color: black; \/* Texto negro *\/\n        text-align: center;\n        border-radius: 4px;\n        margin-top: 20px;\n        background: none; \/* Sin fondo *\/\n        border: none; \/* Sin bordes *\/\n        font-size: 16px;\n        font-weight: bold;\n    }\n\n<\/style>\n\n<script>\nfunction showThankYouMessage() {\n    document.getElementById(\"zohoForm\").style.display = \"none\";\n    document.getElementById(\"thankYouMessage\").style.display = \"block\";\n}\n<\/script>\n<\/div>\n<\/div>\n\n\n\n<div style=\"height:100px\" aria-hidden=\"true\" class=\"wp-block-spacer\"><\/div>\n<\/div>\n\n<p><\/p>\n","protected":false},"excerpt":{"rendered":"<p>ActivoSpain lavora costantemente allo sviluppo della sua rete di agenzie immobiliari e di professionisti del settore per commercializzare gli immobili del suo portafoglio attivo. Unisciti alla nostra rete Ci affidiamo agli specialisti di ogni quartiere, distretto e paese in cui si trovano i nostri asset e abbiamo quindi sviluppato un modello di partnership per poter [&hellip;]<\/p>\n","protected":false},"author":1,"featured_media":0,"parent":0,"menu_order":0,"comment_status":"closed","ping_status":"closed","template":"sencilla-y-ancho-completo","meta":{"footnotes":""},"class_list":["post-390","page","type-page","status-publish","hentry"],"_links":{"self":[{"href":"https:\/\/activospain.com\/it\/wp-json\/wp\/v2\/pages\/390","targetHints":{"allow":["GET"]}}],"collection":[{"href":"https:\/\/activospain.com\/it\/wp-json\/wp\/v2\/pages"}],"about":[{"href":"https:\/\/activospain.com\/it\/wp-json\/wp\/v2\/types\/page"}],"author":[{"embeddable":true,"href":"https:\/\/activospain.com\/it\/wp-json\/wp\/v2\/users\/1"}],"replies":[{"embeddable":true,"href":"https:\/\/activospain.com\/it\/wp-json\/wp\/v2\/comments?post=390"}],"version-history":[{"count":1,"href":"https:\/\/activospain.com\/it\/wp-json\/wp\/v2\/pages\/390\/revisions"}],"predecessor-version":[{"id":391,"href":"https:\/\/activospain.com\/it\/wp-json\/wp\/v2\/pages\/390\/revisions\/391"}],"wp:attachment":[{"href":"https:\/\/activospain.com\/it\/wp-json\/wp\/v2\/media?parent=390"}],"curies":[{"name":"wp","href":"https:\/\/api.w.org\/{rel}","templated":true}]}}